{"id":239,"date":"2024-03-25T12:45:23","date_gmt":"2024-03-25T11:45:23","guid":{"rendered":"http:\/\/thestadl.at\/?page_id=239"},"modified":"2024-03-28T17:27:45","modified_gmt":"2024-03-28T16:27:45","slug":"kontakt","status":"publish","type":"page","link":"https:\/\/thestadl.at\/?page_id=239","title":{"rendered":"Kontakt"},"content":{"rendered":"\t\t<div data-elementor-type=\"wp-page\" data-elementor-id=\"239\" class=\"elementor elementor-239\">\n\t\t\t\t<div class=\"elementor-element elementor-element-c939b58 e-con-full e-flex e-con e-parent\" data-id=\"c939b58\" data-element_type=\"container\" data-e-type=\"container\" data-settings=\"{&quot;background_background&quot;:&quot;slideshow&quot;,&quot;background_slideshow_gallery&quot;:[{&quot;id&quot;:222,&quot;url&quot;:&quot;http:\\\/\\\/thestadl.at\\\/wp-content\\\/uploads\\\/2024\\\/03\\\/TheStadl_Header_3.jpg&quot;},{&quot;id&quot;:223,&quot;url&quot;:&quot;http:\\\/\\\/thestadl.at\\\/wp-content\\\/uploads\\\/2024\\\/03\\\/TheStadl_Header_4.jpg&quot;},{&quot;id&quot;:224,&quot;url&quot;:&quot;http:\\\/\\\/thestadl.at\\\/wp-content\\\/uploads\\\/2024\\\/03\\\/TheStadl_Header_2.jpg&quot;},{&quot;id&quot;:225,&quot;url&quot;:&quot;http:\\\/\\\/thestadl.at\\\/wp-content\\\/uploads\\\/2024\\\/03\\\/TheStadl_Header_1.jpg&quot;}],&quot;background_slideshow_slide_duration&quot;:3000,&quot;background_slideshow_loop&quot;:&quot;yes&quot;,&quot;background_slideshow_slide_transition&quot;:&quot;fade&quot;,&quot;background_slideshow_transition_duration&quot;:500}\">\n\t\t\t\t<\/div>\n\t\t<a class=\"elementor-element elementor-element-7b96841 e-flex e-con-boxed e-con e-parent\" data-id=\"7b96841\" data-element_type=\"container\" data-e-type=\"container\" href=\"mailto:wohnen@thestadl.at\">\n\t\t\t\t\t<div class=\"e-con-inner\">\n\t\t\t\t<div class=\"elementor-element elementor-element-8f2f92e elementor-widget elementor-widget-image\" data-id=\"8f2f92e\" data-element_type=\"widget\" data-e-type=\"widget\" data-widget_type=\"image.default\">\n\t\t\t\t<div class=\"elementor-widget-container\">\n\t\t\t\t\t\t\t\t\t\t\t\t\t\t\t<img fetchpriority=\"high\" decoding=\"async\" width=\"332\" height=\"239\" src=\"https:\/\/thestadl.at\/wp-content\/uploads\/2024\/03\/Bei-Interesse-Hier-klicken.png\" class=\"attachment-full size-full wp-image-574\" alt=\"\" srcset=\"https:\/\/thestadl.at\/wp-content\/uploads\/2024\/03\/Bei-Interesse-Hier-klicken.png 332w, https:\/\/thestadl.at\/wp-content\/uploads\/2024\/03\/Bei-Interesse-Hier-klicken-300x216.png 300w\" sizes=\"(max-width: 332px) 100vw, 332px\" \/>\t\t\t\t\t\t\t\t\t\t\t\t\t\t\t<\/div>\n\t\t\t\t<\/div>\n\t\t\t\t\t<\/div>\n\t\t\t\t<\/a>\n\t\t<div class=\"elementor-element elementor-element-9b2cb3b e-flex e-con-boxed e-con e-parent\" data-id=\"9b2cb3b\" data-element_type=\"container\" data-e-type=\"container\">\n\t\t\t\t\t<div class=\"e-con-inner\">\n\t\t\t\t<div class=\"elementor-element elementor-element-1dcd466 elementor-widget elementor-widget-heading\" data-id=\"1dcd466\" data-element_type=\"widget\" data-e-type=\"widget\" data-widget_type=\"heading.default\">\n\t\t\t\t<div class=\"elementor-widget-container\">\n\t\t\t\t\t<h1 class=\"elementor-heading-title elementor-size-default\">Kontakt<\/h1>\t\t\t\t<\/div>\n\t\t\t\t<\/div>\n\t\t<div class=\"elementor-element elementor-element-d87bac2 e-flex e-con-boxed e-con e-child\" data-id=\"d87bac2\" data-element_type=\"container\" data-e-type=\"container\">\n\t\t\t\t\t<div class=\"e-con-inner\">\n\t\t\t\t<div class=\"elementor-element elementor-element-289c7dd elementor-widget elementor-widget-image\" data-id=\"289c7dd\" data-element_type=\"widget\" data-e-type=\"widget\" data-widget_type=\"image.default\">\n\t\t\t\t<div class=\"elementor-widget-container\">\n\t\t\t\t\t\t\t\t\t\t\t\t\t\t\t<img decoding=\"async\" width=\"600\" height=\"295\" src=\"https:\/\/thestadl.at\/wp-content\/uploads\/2024\/03\/The-Stadl_600x295.png\" class=\"attachment-large size-large wp-image-9\" alt=\"\" srcset=\"https:\/\/thestadl.at\/wp-content\/uploads\/2024\/03\/The-Stadl_600x295.png 600w, https:\/\/thestadl.at\/wp-content\/uploads\/2024\/03\/The-Stadl_600x295-300x148.png 300w\" sizes=\"(max-width: 600px) 100vw, 600px\" \/>\t\t\t\t\t\t\t\t\t\t\t\t\t\t\t<\/div>\n\t\t\t\t<\/div>\n\t\t\t\t<div class=\"elementor-element elementor-element-08cce2a elementor-widget elementor-widget-text-editor\" data-id=\"08cce2a\" data-element_type=\"widget\" data-e-type=\"widget\" data-widget_type=\"text-editor.default\">\n\t\t\t\t<div class=\"elementor-widget-container\">\n\t\t\t\t\t\t\t\t\t<p>G\u00f6riacher Stra\u00dfe 25<br \/>9220 Velden<br \/>K\u00e4rnten\/Austria<br \/>E: <span style=\"color: #7ca51d;\">wohnen@thestadl.at<\/span><\/p>\t\t\t\t\t\t\t\t<\/div>\n\t\t\t\t<\/div>\n\t\t\t\t\t<\/div>\n\t\t\t\t<\/div>\n\t\t<div class=\"elementor-element elementor-element-8ecb46a e-flex e-con-boxed e-con e-child\" data-id=\"8ecb46a\" data-element_type=\"container\" data-e-type=\"container\">\n\t\t\t\t\t<div class=\"e-con-inner\">\n\t\t\t\t<div class=\"elementor-element elementor-element-1c287ae elementor-widget elementor-widget-google_maps\" data-id=\"1c287ae\" data-element_type=\"widget\" data-e-type=\"widget\" data-widget_type=\"google_maps.default\">\n\t\t\t\t<div class=\"elementor-widget-container\">\n\t\t\t\t\t\t\t<div class=\"elementor-custom-embed\">\n\t\t\t<iframe loading=\"lazy\"\n\t\t\t\t\tsrc=\"https:\/\/maps.google.com\/maps?q=G%C3%B6riacher%20Stra%C3%9Fe%2025%209220%20Velden&#038;t=m&#038;z=20&#038;output=embed&#038;iwloc=near\"\n\t\t\t\t\ttitle=\"G\u00f6riacher Stra\u00dfe 25 9220 Velden\"\n\t\t\t\t\taria-label=\"G\u00f6riacher Stra\u00dfe 25 9220 Velden\"\n\t\t\t><\/iframe>\n\t\t<\/div>\n\t\t\t\t\t\t<\/div>\n\t\t\t\t<\/div>\n\t\t\t\t\t<\/div>\n\t\t\t\t<\/div>\n\t\t\t\t\t<\/div>\n\t\t\t\t<\/div>\n\t\t<div class=\"elementor-element elementor-element-ba4183d e-flex e-con-boxed e-con e-parent\" data-id=\"ba4183d\" data-element_type=\"container\" data-e-type=\"container\">\n\t\t\t\t\t<div class=\"e-con-inner\">\n\t\t\t\t\t<\/div>\n\t\t\t\t<\/div>\n\t\t\t\t<\/div>\n\t\t","protected":false},"excerpt":{"rendered":"<p>Kontakt G\u00f6riacher Stra\u00dfe 259220 VeldenK\u00e4rnten\/AustriaE: wohnen@thestadl.at<\/p>\n","protected":false},"author":1,"featured_media":0,"parent":0,"menu_order":0,"comment_status":"closed","ping_status":"closed","template":"","meta":{"footnotes":""},"class_list":["post-239","page","type-page","status-publish","hentry"],"_links":{"self":[{"href":"https:\/\/thestadl.at\/index.php?rest_route=\/wp\/v2\/pages\/239","targetHints":{"allow":["GET"]}}],"collection":[{"href":"https:\/\/thestadl.at\/index.php?rest_route=\/wp\/v2\/pages"}],"about":[{"href":"https:\/\/thestadl.at\/index.php?rest_route=\/wp\/v2\/types\/page"}],"author":[{"embeddable":true,"href":"https:\/\/thestadl.at\/index.php?rest_route=\/wp\/v2\/users\/1"}],"replies":[{"embeddable":true,"href":"https:\/\/thestadl.at\/index.php?rest_route=%2Fwp%2Fv2%2Fcomments&post=239"}],"version-history":[{"count":25,"href":"https:\/\/thestadl.at\/index.php?rest_route=\/wp\/v2\/pages\/239\/revisions"}],"predecessor-version":[{"id":617,"href":"https:\/\/thestadl.at\/index.php?rest_route=\/wp\/v2\/pages\/239\/revisions\/617"}],"wp:attachment":[{"href":"https:\/\/thestadl.at\/index.php?rest_route=%2Fwp%2Fv2%2Fmedia&parent=239"}],"curies":[{"name":"wp","href":"https:\/\/api.w.org\/{rel}","templated":true}]}}